{"id":12475,"date":"2026-02-11T07:50:52","date_gmt":"2026-02-11T11:50:52","guid":{"rendered":"https:\/\/menonitasalud.wpenginepowered.com\/wellness-zone\/"},"modified":"2026-04-06T20:18:08","modified_gmt":"2026-04-07T00:18:08","slug":"wellness-zone","status":"publish","type":"page","link":"https:\/\/planmenonita.org\/en\/wellness-zone\/","title":{"rendered":"Wellness Zone"},"content":{"rendered":"\t\t<div data-elementor-type=\"wp-page\" data-elementor-id=\"12475\" class=\"elementor elementor-12475 elementor-1520\" data-elementor-post-type=\"page\">\n\t\t\t\t<div class=\"elementor-element elementor-element-dc3e865 e-flex e-con-boxed e-con e-parent\" data-id=\"dc3e865\" data-element_type=\"container\" data-e-type=\"container\" data-settings=\"{&quot;background_background&quot;:&quot;classic&quot;}\">\n\t\t\t\t\t<div class=\"e-con-inner\">\n\t\t<div class=\"elementor-element elementor-element-b79c07c e-con-full e-flex e-con e-child\" data-id=\"b79c07c\" data-element_type=\"container\" data-e-type=\"container\" data-settings=\"{&quot;background_background&quot;:&quot;classic&quot;}\">\n\t\t\t\t<div class=\"elementor-element elementor-element-66e7b29 elementor-widget elementor-widget-heading\" data-id=\"66e7b29\" data-element_type=\"widget\" data-e-type=\"widget\" data-widget_type=\"heading.default\">\n\t\t\t\t\t<h2 class=\"elementor-heading-title elementor-size-default\">Wellness Zone<\/h2>\t\t\t\t<\/div>\n\t\t\t\t<\/div>\n\t\t\t\t\t<\/div>\n\t\t\t\t<\/div>\n\t\t<div class=\"elementor-element elementor-element-1d49168 e-con-full e-flex e-con e-parent\" data-id=\"1d49168\" data-element_type=\"container\" data-e-type=\"container\">\n\t\t<div class=\"elementor-element elementor-element-875977b e-con-full e-flex e-con e-child\" data-id=\"875977b\" data-element_type=\"container\" data-e-type=\"container\" data-settings=\"{&quot;background_background&quot;:&quot;classic&quot;}\">\n\t\t\t\t<div class=\"elementor-element elementor-element-afcd23f elementor-position-inline-start elementor-mobile-position-inline-start elementor-view-default elementor-widget elementor-widget-icon-box\" data-id=\"afcd23f\" data-element_type=\"widget\" data-e-type=\"widget\" data-widget_type=\"icon-box.default\">\n\t\t\t\t\t\t\t<div class=\"elementor-icon-box-wrapper\">\n\n\t\t\t\t\t\t<div class=\"elementor-icon-box-icon\">\n\t\t\t\t<span  class=\"elementor-icon\">\n\t\t\t\t<svg xmlns=\"http:\/\/www.w3.org\/2000\/svg\" width=\"56\" height=\"56\" viewBox=\"0 0 56 56\" fill=\"none\"><path d=\"M6.00688 18.9603L44.52 7.14781C45.0413 6.99578 45.5908 6.96711 46.125 7.06407C46.6593 7.16104 47.1637 7.38098 47.5983 7.7065C48.0328 8.03202 48.3857 8.45419 48.629 8.93963C48.8723 9.42507 48.9993 9.96045 49 10.5034V42.0034C49 42.9317 48.6313 43.8219 47.9749 44.4783C47.3185 45.1347 46.4283 45.5034 45.5 45.5034C45.1653 45.5036 44.8323 45.4557 44.5113 45.3613L26.25 39.7569V42.0034C26.25 42.9317 25.8813 43.8219 25.2249 44.4783C24.5685 45.1347 23.6783 45.5034 22.75 45.5034H15.75C14.8217 45.5034 13.9315 45.1347 13.2751 44.4783C12.6188 43.8219 12.25 42.9317 12.25 42.0034V35.4628L6.00688 33.5487C5.28432 33.3317 4.65064 32.8881 4.19929 32.2836C3.74793 31.679 3.50279 30.9454 3.5 30.1909V22.3159C3.50326 21.5619 3.74862 20.8287 4.19994 20.2246C4.65126 19.6205 5.28468 19.1773 6.00688 18.9603ZM15.75 42.0034H22.75V38.6828L15.75 36.5347V42.0034ZM7 30.1909H7.02406L22.75 35.0209V17.4838L7.02406 22.3159H7V30.1909Z\" fill=\"#F78D2B\"><\/path><\/svg>\t\t\t\t<\/span>\n\t\t\t<\/div>\n\t\t\t\n\t\t\t\t\t\t<div class=\"elementor-icon-box-content\">\n\n\t\t\t\t\t\t\t\t\t<h4 class=\"elementor-icon-box-title\">\n\t\t\t\t\t\t<span  >\n\t\t\t\t\t\t\tTip del mes\t\t\t\t\t\t<\/span>\n\t\t\t\t\t<\/h4>\n\t\t\t\t\n\t\t\t\t\t\t\t\t\t<p class=\"elementor-icon-box-description\">\n\t\t\t\t\t\tControla porciones y lee etiquetas de alimentos.\t\t\t\t\t<\/p>\n\t\t\t\t\n\t\t\t<\/div>\n\t\t\t\n\t\t<\/div>\n\t\t\t\t\t\t<\/div>\n\t\t\t\t<\/div>\n\t\t\t\t<\/div>\n\t\t<div class=\"elementor-element elementor-element-5c63038 section-mt section-mb toggle-posts e-flex e-con-boxed e-con e-parent\" data-id=\"5c63038\" data-element_type=\"container\" data-e-type=\"container\">\n\t\t\t\t\t<div class=\"e-con-inner\">\n\t\t\t\t<div class=\"elementor-element elementor-element-c8c84b2 elementor-widget elementor-widget-heading\" data-id=\"c8c84b2\" data-element_type=\"widget\" data-e-type=\"widget\" data-widget_type=\"heading.default\">\n\t\t\t\t\t<h3 class=\"elementor-heading-title elementor-size-default\">Preventive Care ( ENGLISH)<\/h3>\t\t\t\t<\/div>\n\t\t<div class=\"elementor-element elementor-element-27e96bd e-con-full e-flex e-con e-child\" data-id=\"27e96bd\" data-element_type=\"container\" data-e-type=\"container\">\n\t\t\t\t<div class=\"elementor-element elementor-element-a281af0 toggle-post-btn elementor-widget elementor-widget-button\" data-id=\"a281af0\" data-element_type=\"widget\" data-e-type=\"widget\" data-widget_type=\"button.default\">\n\t\t\t\t\t\t\t\t\t\t<a class=\"elementor-button elementor-button-link elementor-size-sm\" href=\"#\">\n\t\t\t\t\t\t<span class=\"elementor-button-content-wrapper\">\n\t\t\t\t\t\t<span class=\"elementor-button-icon\">\n\t\t\t\t<i aria-hidden=\"true\" class=\"icon icon-chevrondown\"><\/i>\t\t\t<\/span>\n\t\t\t\t\t\t\t\t\t<span class=\"elementor-button-text\">ver m\u00e1s<\/span>\n\t\t\t\t\t<\/span>\n\t\t\t\t\t<\/a>\n\t\t\t\t\t\t\t\t<\/div>\n\t\t\t\t<\/div>\n\t\t\t\t\t<\/div>\n\t\t\t\t<\/div>\n\t\t<div class=\"elementor-element elementor-element-355d756 section-mt section-mb toggle-posts e-flex e-con-boxed e-con e-parent\" data-id=\"355d756\" data-element_type=\"container\" data-e-type=\"container\">\n\t\t\t\t\t<div class=\"e-con-inner\">\n\t\t\t\t<div class=\"elementor-element elementor-element-d073446 elementor-widget elementor-widget-heading\" data-id=\"d073446\" data-element_type=\"widget\" data-e-type=\"widget\" data-widget_type=\"heading.default\">\n\t\t\t\t\t<h3 class=\"elementor-heading-title elementor-size-default\">Estilos de Vida Saludables<\/h3>\t\t\t\t<\/div>\n\t\t<div class=\"elementor-element elementor-element-a93fe42 e-con-full e-flex e-con e-child\" data-id=\"a93fe42\" data-element_type=\"container\" data-e-type=\"container\">\n\t\t\t\t<div class=\"elementor-element elementor-element-b98f3e9 toggle-post-btn elementor-widget elementor-widget-button\" data-id=\"b98f3e9\" data-element_type=\"widget\" data-e-type=\"widget\" data-widget_type=\"button.default\">\n\t\t\t\t\t\t\t\t\t\t<a class=\"elementor-button elementor-button-link elementor-size-sm\" href=\"#\">\n\t\t\t\t\t\t<span class=\"elementor-button-content-wrapper\">\n\t\t\t\t\t\t<span class=\"elementor-button-icon\">\n\t\t\t\t<i aria-hidden=\"true\" class=\"icon icon-chevrondown\"><\/i>\t\t\t<\/span>\n\t\t\t\t\t\t\t\t\t<span class=\"elementor-button-text\">ver m\u00e1s<\/span>\n\t\t\t\t\t<\/span>\n\t\t\t\t\t<\/a>\n\t\t\t\t\t\t\t\t<\/div>\n\t\t\t\t<\/div>\n\t\t\t\t\t<\/div>\n\t\t\t\t<\/div>\n\t\t<div class=\"elementor-element elementor-element-c6f98a5 section-mt section-mb toggle-posts e-flex e-con-boxed e-con e-parent\" data-id=\"c6f98a5\" data-element_type=\"container\" data-e-type=\"container\">\n\t\t\t\t\t<div class=\"e-con-inner\">\n\t\t\t\t<div class=\"elementor-element elementor-element-31e0d4f elementor-widget elementor-widget-heading\" data-id=\"31e0d4f\" data-element_type=\"widget\" data-e-type=\"widget\" data-widget_type=\"heading.default\">\n\t\t\t\t\t<h3 class=\"elementor-heading-title elementor-size-default\">Enfermedades Cr\u00f3nicas<\/h3>\t\t\t\t<\/div>\n\t\t<div class=\"elementor-element elementor-element-5f753e0 e-con-full e-flex e-con e-child\" data-id=\"5f753e0\" data-element_type=\"container\" data-e-type=\"container\">\n\t\t\t\t<div class=\"elementor-element elementor-element-8ad771f toggle-post-btn elementor-widget elementor-widget-button\" data-id=\"8ad771f\" data-element_type=\"widget\" data-e-type=\"widget\" data-widget_type=\"button.default\">\n\t\t\t\t\t\t\t\t\t\t<a class=\"elementor-button elementor-button-link elementor-size-sm\" href=\"#\">\n\t\t\t\t\t\t<span class=\"elementor-button-content-wrapper\">\n\t\t\t\t\t\t<span class=\"elementor-button-icon\">\n\t\t\t\t<i aria-hidden=\"true\" class=\"icon icon-chevrondown\"><\/i>\t\t\t<\/span>\n\t\t\t\t\t\t\t\t\t<span class=\"elementor-button-text\">ver m\u00e1s<\/span>\n\t\t\t\t\t<\/span>\n\t\t\t\t\t<\/a>\n\t\t\t\t\t\t\t\t<\/div>\n\t\t\t\t<\/div>\n\t\t\t\t\t<\/div>\n\t\t\t\t<\/div>\n\t\t<div class=\"elementor-element elementor-element-a74842f section-mt section-mb toggle-posts e-flex e-con-boxed e-con e-parent\" data-id=\"a74842f\" data-element_type=\"container\" data-e-type=\"container\">\n\t\t\t\t\t<div class=\"e-con-inner\">\n\t\t\t\t<div class=\"elementor-element elementor-element-a388bed elementor-widget elementor-widget-heading\" data-id=\"a388bed\" data-element_type=\"widget\" data-e-type=\"widget\" data-widget_type=\"heading.default\">\n\t\t\t\t\t<h3 class=\"elementor-heading-title elementor-size-default\">Mental Health<\/h3>\t\t\t\t<\/div>\n\t\t<div class=\"elementor-element elementor-element-667f509 e-con-full e-flex e-con e-child\" data-id=\"667f509\" data-element_type=\"container\" data-e-type=\"container\">\n\t\t\t\t<div class=\"elementor-element elementor-element-6f887ba toggle-post-btn elementor-widget elementor-widget-button\" data-id=\"6f887ba\" data-element_type=\"widget\" data-e-type=\"widget\" data-widget_type=\"button.default\">\n\t\t\t\t\t\t\t\t\t\t<a class=\"elementor-button elementor-button-link elementor-size-sm\" href=\"#\">\n\t\t\t\t\t\t<span class=\"elementor-button-content-wrapper\">\n\t\t\t\t\t\t<span class=\"elementor-button-icon\">\n\t\t\t\t<i aria-hidden=\"true\" class=\"icon icon-chevrondown\"><\/i>\t\t\t<\/span>\n\t\t\t\t\t\t\t\t\t<span class=\"elementor-button-text\">ver m\u00e1s<\/span>\n\t\t\t\t\t<\/span>\n\t\t\t\t\t<\/a>\n\t\t\t\t\t\t\t\t<\/div>\n\t\t\t\t<\/div>\n\t\t\t\t\t<\/div>\n\t\t\t\t<\/div>\n\t\t\t\t<\/div>\n\t\t","protected":false},"excerpt":{"rendered":"<p>Wellness Zone Tip del mes Controla porciones y lee etiquetas de alimentos. Preventive Care ( ENGLISH) ver m\u00e1s Estilos de Vida Saludables ver m\u00e1s Enfermedades Cr\u00f3nicas ver m\u00e1s Mental Health ver m\u00e1s<\/p>\n","protected":false},"author":273802760,"featured_media":0,"parent":0,"menu_order":0,"comment_status":"closed","ping_status":"closed","template":"","meta":{"_crdt_document":"","footnotes":""},"class_list":["post-12475","page","type-page","status-publish","hentry"],"_links":{"self":[{"href":"https:\/\/planmenonita.org\/en\/wp-json\/wp\/v2\/pages\/12475","targetHints":{"allow":["GET"]}}],"collection":[{"href":"https:\/\/planmenonita.org\/en\/wp-json\/wp\/v2\/pages"}],"about":[{"href":"https:\/\/planmenonita.org\/en\/wp-json\/wp\/v2\/types\/page"}],"author":[{"embeddable":true,"href":"https:\/\/planmenonita.org\/en\/wp-json\/wp\/v2\/users\/273802760"}],"replies":[{"embeddable":true,"href":"https:\/\/planmenonita.org\/en\/wp-json\/wp\/v2\/comments?post=12475"}],"version-history":[{"count":0,"href":"https:\/\/planmenonita.org\/en\/wp-json\/wp\/v2\/pages\/12475\/revisions"}],"wp:attachment":[{"href":"https:\/\/planmenonita.org\/en\/wp-json\/wp\/v2\/media?parent=12475"}],"curies":[{"name":"wp","href":"https:\/\/api.w.org\/{rel}","templated":true}]}}